{"id":273,"date":"2025-01-16T13:46:42","date_gmt":"2025-01-16T10:46:42","guid":{"rendered":"https:\/\/ijocis.epo-der.org\/?page_id=273"},"modified":"2025-01-16T14:51:07","modified_gmt":"2025-01-16T11:51:07","slug":"arsiv-archive","status":"publish","type":"page","link":"https:\/\/ijocis.epo-der.org\/en\/arsiv-archive\/","title":{"rendered":"Archive"},"content":{"rendered":"<link href=\"https:\/\/cdn.jsdelivr.net\/npm\/bootstrap@5.3.0\/dist\/css\/bootstrap.min.css\" rel=\"stylesheet\">\n\t<link href=\"https:\/\/cdn.jsdelivr.net\/npm\/bootstrap-icons\/font\/bootstrap-icons.css\" rel=\"stylesheet\">\n    <style>\n        .custom-card {\n            text-align: center;\n            border: 1px solid #ddd;\n            border-radius: 8px;\n            padding: 20px;\n            box-shadow: 0 4px 6px rgba(0, 0, 0, 0.1);\n            transition: transform 0.3s ease;\n            background-color: transparent;\n        }\n        .custom-card:hover {\n            transform: translateY(-5px);\n        }\n        .custom-icon {\n            font-size: 32px;\n            <!-- color: #007bff; -->\n            margin-bottom: 15px;\n        }\n        .custom-button {\n            margin-top: 20px;\n        }\n    <\/style>\n<div class=\"container py-5\">\n        <div class=\"row g-4\">\n            <div class=\"col-lg-4 col-md-6 col-sm-12\">\n                <div class=\"custom-card\">\n                    <div class=\"custom-icon\"><i class=\"bi bi-book\"><\/i><\/div>\n                    <h3>2024-2<\/h3>\n                    <h5>Volume: 14 \/ Issue: 2<\/h5>\n                    <a href=\"https:\/\/ijocis.epo-der.org\/wp-content\/uploads\/2025\/01\/14_2_12_2024.pdf\" target=\"_blank\" class=\"btn btn-secondary custom-button\">VIEW <i class=\"bi bi-arrow-right\"><\/i><\/a>\n                <\/div>\n            <\/div>\n\t\t\t<div class=\"col-lg-4 col-md-6 col-sm-12\">\n                <div class=\"custom-card\">\n                    <div class=\"custom-icon\"><i class=\"bi bi-book\"><\/i><\/div>\n                    <h3>2024-1<\/h3>\n                    <h5>Volume: 14 \/ Issue: 1<\/h5>\n                    <a href=\"https:\/\/ijocis.epo-der.org\/wp-content\/uploads\/2025\/01\/14_1_06_2024.pdf\" target=\"_blank\" class=\"btn btn-secondary custom-button\">VIEW <i class=\"bi bi-arrow-right\"><\/i><\/a>\n                <\/div>\n            <\/div>\n\t\t\t<div class=\"col-lg-4 col-md-6 col-sm-12\">\n                <div class=\"custom-card\">\n                    <div class=\"custom-icon\"><i class=\"bi bi-book\"><\/i><\/div>\n                    <h3>2023-2<\/h3>\n                    <h5>Volume: 13 \/ Issue: 2<\/h5>\n                    <a href=\"https:\/\/ijocis.epo-der.org\/wp-content\/uploads\/2025\/01\/13_2_12_2023.pdf\" target=\"_blank\" class=\"btn btn-secondary custom-button\">VIEW <i class=\"bi bi-arrow-right\"><\/i><\/a>\n                <\/div>\n            <\/div>\n\t\t\t<div class=\"col-lg-4 col-md-6 col-sm-12\">\n                <div class=\"custom-card\">\n                    <div class=\"custom-icon\"><i class=\"bi bi-book\"><\/i><\/div>\n                    <h3>2023-1<\/h3>\n                    <h5>Volume: 13 \/ Issue: 1<\/h5>\n                    <a href=\"https:\/\/ijocis.epo-der.org\/wp-content\/uploads\/2025\/01\/13_1_06_2023.pdf\" target=\"_blank\" class=\"btn btn-secondary custom-button\">VIEW <i class=\"bi bi-arrow-right\"><\/i><\/a>\n                <\/div>\n            <\/div>\n\t\t\t<div class=\"col-lg-4 col-md-6 col-sm-12\">\n                <div class=\"custom-card\">\n                    <div class=\"custom-icon\"><i class=\"bi bi-book\"><\/i><\/div>\n                    <h3>2022-2<\/h3>\n                    <h5>Volume: 12 \/ Issue: 2<\/h5>\n                    <a href=\"https:\/\/ijocis.epo-der.org\/wp-content\/uploads\/2025\/01\/12_2_12_2022.pdf\" target=\"_blank\" class=\"btn btn-secondary custom-button\">VIEW <i class=\"bi bi-arrow-right\"><\/i><\/a>\n                <\/div>\n            <\/div>\n\t\t\t<div class=\"col-lg-4 col-md-6 col-sm-12\">\n                <div class=\"custom-card\">\n                    <div class=\"custom-icon\"><i class=\"bi bi-book\"><\/i><\/div>\n                    <h3>2022-1<\/h3>\n                    <h5>Volume: 12 \/ Issue: 1<\/h5>\n                    <a href=\"https:\/\/ijocis.epo-der.org\/wp-content\/uploads\/2025\/01\/12_1_06_2022.pdf\" target=\"_blank\" class=\"btn btn-secondary custom-button\">VIEW <i class=\"bi bi-arrow-right\"><\/i><\/a>\n                <\/div>\n            <\/div>\n\t\t\t<div class=\"col-lg-4 col-md-6 col-sm-12\">\n                <div class=\"custom-card\">\n                    <div class=\"custom-icon\"><i class=\"bi bi-book\"><\/i><\/div>\n                    <h3>2021-2<\/h3>\n                    <h5>Volume: 11 \/ Issue: 2<\/h5>\n                    <a href=\"https:\/\/ijocis.epo-der.org\/wp-content\/uploads\/2025\/01\/11_2_12_2021.pdf\" target=\"_blank\" class=\"btn btn-secondary custom-button\">VIEW <i class=\"bi bi-arrow-right\"><\/i><\/a>\n                <\/div>\n            <\/div>\n\t\t\t<div class=\"col-lg-4 col-md-6 col-sm-12\">\n                <div class=\"custom-card\">\n                    <div class=\"custom-icon\"><i class=\"bi bi-book\"><\/i><\/div>\n                    <h3>2021-1<\/h3>\n                    <h5>Volume: 11 \/ Issue: 1<\/h5>\n                    <a href=\"https:\/\/ijocis.epo-der.org\/wp-content\/uploads\/2025\/01\/11_1_06_2021.pdf\" target=\"_blank\" class=\"btn btn-secondary custom-button\">VIEW <i class=\"bi bi-arrow-right\"><\/i><\/a>\n                <\/div>\n            <\/div>\n\t\t\t<div class=\"col-lg-4 col-md-6 col-sm-12\">\n                <div class=\"custom-card\">\n                    <div class=\"custom-icon\"><i class=\"bi bi-book\"><\/i><\/div>\n                    <h3>2020-2<\/h3>\n                    <h5>Volume: 10 \/ Issue: 2<\/h5>\n                    <a href=\"https:\/\/ijocis.epo-der.org\/wp-content\/uploads\/2025\/01\/10_2_12_2020.pdf\" target=\"_blank\" class=\"btn btn-secondary custom-button\">VIEW <i class=\"bi bi-arrow-right\"><\/i><\/a>\n                <\/div>\n            <\/div>\n\t\t\t<div class=\"col-lg-4 col-md-6 col-sm-12\">\n                <div class=\"custom-card\">\n                    <div class=\"custom-icon\"><i class=\"bi bi-book\"><\/i><\/div>\n                    <h3>2020-1<\/h3>\n                    <h5>Volume: 10 \/ Issue: 1<\/h5>\n                    <a href=\"https:\/\/ijocis.epo-der.org\/wp-content\/uploads\/2025\/01\/10_1_06_2020.pdf\" target=\"_blank\" class=\"btn btn-secondary custom-button\">VIEW <i class=\"bi bi-arrow-right\"><\/i><\/a>\n                <\/div>\n            <\/div>\n\t\t\t<div class=\"col-lg-4 col-md-6 col-sm-12\">\n                <div class=\"custom-card\">\n                    <div class=\"custom-icon\"><i class=\"bi bi-book\"><\/i><\/div>\n                    <h3>2019-2<\/h3>\n                    <h5>Volume: 9 \/ Issue: 2<\/h5>\n                    <a href=\"https:\/\/ijocis.epo-der.org\/wp-content\/uploads\/2025\/01\/9_2_12_2019.pdf\" target=\"_blank\" class=\"btn btn-secondary custom-button\">VIEW <i class=\"bi bi-arrow-right\"><\/i><\/a>\n                <\/div>\n            <\/div>\n\t\t\t<div class=\"col-lg-4 col-md-6 col-sm-12\">\n                <div class=\"custom-card\">\n                    <div class=\"custom-icon\"><i class=\"bi bi-book\"><\/i><\/div>\n                    <h3>2019-1<\/h3>\n                    <h5>Volume: 9 \/ Issue: 1<\/h5>\n                    <a href=\"https:\/\/ijocis.epo-der.org\/wp-content\/uploads\/2025\/01\/9_1_06_2019.pdf\" target=\"_blank\" class=\"btn btn-secondary custom-button\">VIEW <i class=\"bi bi-arrow-right\"><\/i><\/a>\n                <\/div>\n            <\/div>\n\t\t\t<div class=\"col-lg-4 col-md-6 col-sm-12\">\n                <div class=\"custom-card\">\n                    <div class=\"custom-icon\"><i class=\"bi bi-book\"><\/i><\/div>\n                    <h3>2018-2<\/h3>\n                    <h5>Volume: 8 \/ Issue: 2<\/h5>\n                    <a href=\"https:\/\/ijocis.epo-der.org\/wp-content\/uploads\/2025\/01\/8_2_12_2018.pdf\" target=\"_blank\" class=\"btn btn-secondary custom-button\">VIEW <i class=\"bi bi-arrow-right\"><\/i><\/a>\n                <\/div>\n            <\/div>\n\t\t\t<div class=\"col-lg-4 col-md-6 col-sm-12\">\n                <div class=\"custom-card\">\n                    <div class=\"custom-icon\"><i class=\"bi bi-book\"><\/i><\/div>\n                    <h3>2018-1<\/h3>\n                    <h5>Volume: 8 \/ Issue: 1<\/h5>\n                    <a href=\"https:\/\/ijocis.epo-der.org\/wp-content\/uploads\/2025\/01\/8_1_06_2018.pdf\" target=\"_blank\" class=\"btn btn-secondary custom-button\">VIEW <i class=\"bi bi-arrow-right\"><\/i><\/a>\n                <\/div>\n            <\/div>\n\t\t\t<div class=\"col-lg-4 col-md-6 col-sm-12\">\n                <div class=\"custom-card\">\n                    <div class=\"custom-icon\"><i class=\"bi bi-book\"><\/i><\/div>\n                    <h3>2017-2<\/h3>\n                    <h5>Volume: 7 \/ Issue: 14<\/h5>\n                    <a href=\"https:\/\/ijocis.epo-der.org\/wp-content\/uploads\/2025\/01\/7_14_12_2017.pdf\" target=\"_blank\" class=\"btn btn-secondary custom-button\">VIEW <i class=\"bi bi-arrow-right\"><\/i><\/a>\n                <\/div>\n            <\/div>\n\t\t\t<div class=\"col-lg-4 col-md-6 col-sm-12\">\n                <div class=\"custom-card\">\n                    <div class=\"custom-icon\"><i class=\"bi bi-book\"><\/i><\/div>\n                    <h3>2017-1<\/h3>\n                    <h5>Volume: 7 \/ Issue: 13<\/h5>\n                    <a href=\"https:\/\/ijocis.epo-der.org\/wp-content\/uploads\/2025\/01\/7_13_06_2017.pdf\" target=\"_blank\" class=\"btn btn-secondary custom-button\">VIEW <i class=\"bi bi-arrow-right\"><\/i><\/a>\n                <\/div>\n            <\/div>\n\t\t\t<div class=\"col-lg-4 col-md-6 col-sm-12\">\n                <div class=\"custom-card\">\n                    <div class=\"custom-icon\"><i class=\"bi bi-book\"><\/i><\/div>\n                    <h3>2016-2<\/h3>\n                    <h5>Volume: 6 \/ Issue: 12<\/h5>\n                    <a href=\"https:\/\/ijocis.epo-der.org\/wp-content\/uploads\/2025\/01\/6_12_12_2016.pdf\" target=\"_blank\" class=\"btn btn-secondary custom-button\">VIEW <i class=\"bi bi-arrow-right\"><\/i><\/a>\n                <\/div>\n            <\/div>\n\t\t\t<div class=\"col-lg-4 col-md-6 col-sm-12\">\n                <div class=\"custom-card\">\n                    <div class=\"custom-icon\"><i class=\"bi bi-book\"><\/i><\/div>\n                    <h3>2016-1<\/h3>\n                    <h5>Volume: 6 \/ Issue: 11<\/h5>\n                    <a href=\"https:\/\/ijocis.epo-der.org\/wp-content\/uploads\/2025\/01\/6_11_06_2016.pdf\" target=\"_blank\" class=\"btn btn-secondary custom-button\">VIEW <i class=\"bi bi-arrow-right\"><\/i><\/a>\n                <\/div>\n            <\/div>\n\t\t\t<div class=\"col-lg-4 col-md-6 col-sm-12\">\n                <div class=\"custom-card\">\n                    <div class=\"custom-icon\"><i class=\"bi bi-book\"><\/i><\/div>\n                    <h3>2015-2<\/h3>\n                    <h5>Volume: 5 \/ Issue: 10<\/h5>\n                    <a href=\"https:\/\/ijocis.epo-der.org\/wp-content\/uploads\/2025\/01\/5_10_12_2015.pdf\" target=\"_blank\" class=\"btn btn-secondary custom-button\">VIEW <i class=\"bi bi-arrow-right\"><\/i><\/a>\n                <\/div>\n            <\/div>\n\t\t\t<div class=\"col-lg-4 col-md-6 col-sm-12\">\n                <div class=\"custom-card\">\n                    <div class=\"custom-icon\"><i class=\"bi bi-book\"><\/i><\/div>\n                    <h3>2015-1<\/h3>\n                    <h5>Volume: 5 \/ Issue: 9<\/h5>\n                    <a href=\"https:\/\/ijocis.epo-der.org\/wp-content\/uploads\/2025\/01\/5_9_06_2015.pdf\" target=\"_blank\" class=\"btn btn-secondary custom-button\">VIEW <i class=\"bi bi-arrow-right\"><\/i><\/a>\n                <\/div>\n            <\/div>\n\t\t\t<div class=\"col-lg-4 col-md-6 col-sm-12\">\n                <div class=\"custom-card\">\n                    <div class=\"custom-icon\"><i class=\"bi bi-book\"><\/i><\/div>\n                    <h3>2014-2<\/h3>\n                    <h5>Volume: 4 \/ Issue: 8<\/h5>\n                    <a href=\"https:\/\/ijocis.epo-der.org\/wp-content\/uploads\/2025\/01\/4_8_12_2014.pdf\" target=\"_blank\" class=\"btn btn-secondary custom-button\">VIEW <i class=\"bi bi-arrow-right\"><\/i><\/a>\n                <\/div>\n            <\/div>\n\t\t\t<div class=\"col-lg-4 col-md-6 col-sm-12\">\n                <div class=\"custom-card\">\n                    <div class=\"custom-icon\"><i class=\"bi bi-book\"><\/i><\/div>\n                    <h3>2014-1<\/h3>\n                    <h5>Volume: 4 \/ Issue: 7<\/h5>\n                    <a href=\"https:\/\/ijocis.epo-der.org\/wp-content\/uploads\/2025\/01\/4_7_06_2014.pdf\" target=\"_blank\" class=\"btn btn-secondary custom-button\">VIEW <i class=\"bi bi-arrow-right\"><\/i><\/a>\n                <\/div>\n            <\/div>\n\t\t\t<div class=\"col-lg-4 col-md-6 col-sm-12\">\n                <div class=\"custom-card\">\n                    <div class=\"custom-icon\"><i class=\"bi bi-book\"><\/i><\/div>\n                    <h3>2013-2<\/h3>\n                    <h5>Volume: 3 \/ Issue: 6<\/h5>\n                    <a href=\"https:\/\/ijocis.epo-der.org\/wp-content\/uploads\/2025\/01\/3_6_12_2013.pdf\" target=\"_blank\" class=\"btn btn-secondary custom-button\">VIEW <i class=\"bi bi-arrow-right\"><\/i><\/a>\n                <\/div>\n            <\/div>\n\t\t\t<div class=\"col-lg-4 col-md-6 col-sm-12\">\n                <div class=\"custom-card\">\n                    <div class=\"custom-icon\"><i class=\"bi bi-book\"><\/i><\/div>\n                    <h3>2013-1<\/h3>\n                    <h5>Volume: 3 \/ Issue: 5<\/h5>\n                    <a href=\"https:\/\/ijocis.epo-der.org\/wp-content\/uploads\/2025\/01\/3_5_06_2013.pdf\" target=\"_blank\" class=\"btn btn-secondary custom-button\">VIEW <i class=\"bi bi-arrow-right\"><\/i><\/a>\n                <\/div>\n            <\/div>\n\t\t\t<div class=\"col-lg-4 col-md-6 col-sm-12\">\n                <div class=\"custom-card\">\n                    <div class=\"custom-icon\"><i class=\"bi bi-book\"><\/i><\/div>\n                    <h3>2012-2<\/h3>\n                    <h5>Volume: 2 \/ Issue: 4<\/h5>\n                    <a href=\"https:\/\/ijocis.epo-der.org\/wp-content\/uploads\/2025\/01\/2_4_12_2012.pdf\" target=\"_blank\" class=\"btn btn-secondary custom-button\">VIEW <i class=\"bi bi-arrow-right\"><\/i><\/a>\n                <\/div>\n            <\/div>\n\t\t\t<div class=\"col-lg-4 col-md-6 col-sm-12\">\n                <div class=\"custom-card\">\n                    <div class=\"custom-icon\"><i class=\"bi bi-book\"><\/i><\/div>\n                    <h3>2012-1<\/h3>\n                    <h5>Volume: 2 \/ Issue: 3<\/h5>\n                    <a href=\"https:\/\/ijocis.epo-der.org\/wp-content\/uploads\/2025\/01\/2_3_06_2012.pdf\" target=\"_blank\" class=\"btn btn-secondary custom-button\">VIEW <i class=\"bi bi-arrow-right\"><\/i><\/a>\n                <\/div>\n            <\/div>\n\t\t\t<div class=\"col-lg-4 col-md-6 col-sm-12\">\n                <div class=\"custom-card\">\n                    <div class=\"custom-icon\"><i class=\"bi bi-book\"><\/i><\/div>\n                    <h3>2011-2<\/h3>\n                    <h5>Volume: 1 \/ Issue: 2<\/h5>\n                    <a href=\"https:\/\/ijocis.epo-der.org\/wp-content\/uploads\/2025\/01\/1_2_12_2011.pdf\" target=\"_blank\" class=\"btn btn-secondary custom-button\">VIEW <i class=\"bi bi-arrow-right\"><\/i><\/a>\n                <\/div>\n            <\/div>\n\t\t\t<div class=\"col-lg-4 col-md-6 col-sm-12\">\n                <div class=\"custom-card\">\n                    <div class=\"custom-icon\"><i class=\"bi bi-book\"><\/i><\/div>\n                    <h3>2011-1<\/h3>\n                    <h5>Volume: 1 \/ Issue: 1<\/h5>\n                    <a href=\"https:\/\/ijocis.epo-der.org\/wp-content\/uploads\/2025\/01\/1_1_06_2011.pdf\" target=\"_blank\" class=\"btn btn-secondary custom-button\">VIEW <i class=\"bi bi-arrow-right\"><\/i><\/a>\n                <\/div>\n            <\/div>\n        <\/div>\n    <\/div>\n    <script src=\"https:\/\/cdn.jsdelivr.net\/npm\/bootstrap@5.3.0\/dist\/js\/bootstrap.bundle.min.js\"><\/script>\n    <script src=\"https:\/\/cdn.jsdelivr.net\/npm\/bootstrap-icons\/font\/bootstrap-icons.js\"><\/script>","protected":false},"excerpt":{"rendered":"<p>2024-2 Volume: 14 \/ Issue: 2 G\u00d6R\u00dcNT\u00dcLE 2024-1 Volume: 14 \/ Issue: 1 G\u00d6R\u00dcNT\u00dcLE 2023-2 Volume: 13 \/ Issue: 2 G\u00d6R\u00dcNT\u00dcLE 2023-1 Volume: 13 \/ Issue: 1 G\u00d6R\u00dcNT\u00dcLE 2022-2 Volume: 12 \/ Issue: 2 G\u00d6R\u00dcNT\u00dcLE 2022-1 Volume: 12 \/ Issue: 1 G\u00d6R\u00dcNT\u00dcLE 2021-2 Volume: 11 \/ Issue: 2 G\u00d6R\u00dcNT\u00dcLE 2021-1 Volume: 11 \/ Issue: 1 [&hellip;]<\/p>\n","protected":false},"author":1,"featured_media":0,"parent":0,"menu_order":0,"comment_status":"closed","ping_status":"closed","template":"","meta":{"_uag_custom_page_level_css":"","footnotes":""},"class_list":["post-273","page","type-page","status-publish","hentry"],"uagb_featured_image_src":{"full":false,"thumbnail":false,"medium":false,"medium_large":false,"large":false,"1536x1536":false,"2048x2048":false,"trp-custom-language-flag":false},"uagb_author_info":{"display_name":"E\u011fitim Programlar\u0131 ve \u00d6\u011fretim Derne\u011fi","author_link":"https:\/\/ijocis.epo-der.org\/en\/author\/epder_ijocisadmin\/"},"uagb_comment_info":0,"uagb_excerpt":"2024-2 Volume: 14 \/ Issue: 2 G\u00d6R\u00dcNT\u00dcLE 2024-1 Volume: 14 \/ Issue: 1 G\u00d6R\u00dcNT\u00dcLE 2023-2 Volume: 13 \/ Issue: 2 G\u00d6R\u00dcNT\u00dcLE 2023-1 Volume: 13 \/ Issue: 1 G\u00d6R\u00dcNT\u00dcLE 2022-2 Volume: 12 \/ Issue: 2 G\u00d6R\u00dcNT\u00dcLE 2022-1 Volume: 12 \/ Issue: 1 G\u00d6R\u00dcNT\u00dcLE 2021-2 Volume: 11 \/ Issue: 2 G\u00d6R\u00dcNT\u00dcLE 2021-1 Volume: 11 \/ Issue: 1&hellip;","jetpack_sharing_enabled":true,"_links":{"self":[{"href":"https:\/\/ijocis.epo-der.org\/en\/wp-json\/wp\/v2\/pages\/273","targetHints":{"allow":["GET"]}}],"collection":[{"href":"https:\/\/ijocis.epo-der.org\/en\/wp-json\/wp\/v2\/pages"}],"about":[{"href":"https:\/\/ijocis.epo-der.org\/en\/wp-json\/wp\/v2\/types\/page"}],"author":[{"embeddable":true,"href":"https:\/\/ijocis.epo-der.org\/en\/wp-json\/wp\/v2\/users\/1"}],"replies":[{"embeddable":true,"href":"https:\/\/ijocis.epo-der.org\/en\/wp-json\/wp\/v2\/comments?post=273"}],"version-history":[{"count":11,"href":"https:\/\/ijocis.epo-der.org\/en\/wp-json\/wp\/v2\/pages\/273\/revisions"}],"predecessor-version":[{"id":291,"href":"https:\/\/ijocis.epo-der.org\/en\/wp-json\/wp\/v2\/pages\/273\/revisions\/291"}],"wp:attachment":[{"href":"https:\/\/ijocis.epo-der.org\/en\/wp-json\/wp\/v2\/media?parent=273"}],"curies":[{"name":"wp","href":"https:\/\/api.w.org\/{rel}","templated":true}]}}